{"id":236,"date":"2018-11-13T22:37:05","date_gmt":"2018-11-13T21:37:05","guid":{"rendered":"http:\/\/www.ludendorferjonge.de\/cms2\/?page_id=236"},"modified":"2019-10-10T23:01:12","modified_gmt":"2019-10-10T21:01:12","slug":"vorstand","status":"publish","type":"page","link":"https:\/\/www.ludendorferjonge.de\/cms2\/vorstand\/","title":{"rendered":"Vorstand"},"content":{"rendered":"<p style=\"text-align: center;\"><img decoding=\"async\" class=\"aligncenter\" src=\"http:\/\/ludendorferjonge.de\/cms\/images\/vorstand\/22_Eusi 1_thumb.JPG\"><br \/>\n1. Vorsitzender &amp; Pr\u00e4sident<br \/>\nMichael Euskirchen<\/p>\n<p style=\"text-align: center;\"><img decoding=\"async\" class=\"aligncenter\" src=\"http:\/\/ludendorferjonge.de\/cms\/images\/vorstand\/16_Jo 1_thumb.JPG\">2. Vorsitzender<br \/>\nJoachim Ley<\/p>\n<p style=\"text-align: center;\"><img decoding=\"async\" class=\"aligncenter\" src=\"http:\/\/ludendorferjonge.de\/cms\/images\/vorstand\/18_Sebi 2_thumb.JPG\">Gesch\u00e4ftsf\u00fchrer &amp; 1. Kassierer<br \/>\nSebastian Breuer<\/p>\n<p style=\"text-align: center;\"><img decoding=\"async\" class=\"aligncenter\" src=\"http:\/\/ludendorferjonge.de\/cms\/images\/vorstand\/15_Andi 2_thumb.JPG\">2. Kassierer<br \/>\nAndreas Ley<\/p>\n<p style=\"text-align: center;\"><img decoding=\"async\" class=\"aligncenter\" src=\"http:\/\/ludendorferjonge.de\/cms\/images\/vorstand\/24_Schulz_1.jpg\">3. Kassierer<br \/>\nAndreas Schulz<\/p>\n<p style=\"text-align: center;\"><img decoding=\"async\" class=\"aligncenter\" src=\"http:\/\/ludendorferjonge.de\/cms\/images\/vorstand\/8_mick 2_thumb.JPG\"><\/p>\n<p style=\"text-align: center;\">Schriftf\u00fchrer<br \/>\nMichael Freischem<\/p>\n<p style=\"text-align: center;\"><img decoding=\"async\" class=\"aligncenter\" src=\"http:\/\/ludendorferjonge.de\/cms\/images\/vorstand\/2_rainer_1_thumb.JPG\">1. Beisitzer<br \/>\nRainer Klein<\/p>\n<p style=\"text-align: center;\"><img decoding=\"async\" class=\"aligncenter\" src=\"http:\/\/ludendorferjonge.de\/cms\/images\/vorstand\/1_L\u00fc 2_thumb.JPG\"><\/p>\n<p style=\"text-align: center;\">2. Beisitzer<br \/>\nDirk L\u00fcssem<\/p>\n","protected":false},"excerpt":{"rendered":"<p>1. Vorsitzender &amp; Pr\u00e4sident Michael Euskirchen 2. Vorsitzender Joachim Ley Gesch\u00e4ftsf\u00fchrer &amp; 1. Kassierer Sebastian Breuer 2. Kassierer Andreas Ley 3. Kassierer Andreas Schulz Schriftf\u00fchrer Michael Freischem 1. Beisitzer Rainer Klein 2. Beisitzer Dirk L\u00fcssem<\/p>\n","protected":false},"author":1,"featured_media":0,"parent":0,"menu_order":0,"comment_status":"closed","ping_status":"closed","template":"","meta":{"ngg_post_thumbnail":0,"footnotes":""},"class_list":["post-236","page","type-page","status-publish"],"_links":{"self":[{"href":"https:\/\/www.ludendorferjonge.de\/cms2\/wp-json\/wp\/v2\/pages\/236","targetHints":{"allow":["GET"]}}],"collection":[{"href":"https:\/\/www.ludendorferjonge.de\/cms2\/wp-json\/wp\/v2\/pages"}],"about":[{"href":"https:\/\/www.ludendorferjonge.de\/cms2\/wp-json\/wp\/v2\/types\/page"}],"author":[{"embeddable":true,"href":"https:\/\/www.ludendorferjonge.de\/cms2\/wp-json\/wp\/v2\/users\/1"}],"replies":[{"embeddable":true,"href":"https:\/\/www.ludendorferjonge.de\/cms2\/wp-json\/wp\/v2\/comments?post=236"}],"version-history":[{"count":11,"href":"https:\/\/www.ludendorferjonge.de\/cms2\/wp-json\/wp\/v2\/pages\/236\/revisions"}],"predecessor-version":[{"id":1101,"href":"https:\/\/www.ludendorferjonge.de\/cms2\/wp-json\/wp\/v2\/pages\/236\/revisions\/1101"}],"wp:attachment":[{"href":"https:\/\/www.ludendorferjonge.de\/cms2\/wp-json\/wp\/v2\/media?parent=236"}],"curies":[{"name":"wp","href":"https:\/\/api.w.org\/{rel}","templated":true}]}}